{"id":962,"date":"2014-04-17T17:10:22","date_gmt":"2014-04-17T15:10:22","guid":{"rendered":"https:\/\/www.igmgukba.org\/hizmetler\/"},"modified":"2020-10-22T14:19:09","modified_gmt":"2020-10-22T12:19:09","slug":"amtliche_behoerdengaenge","status":"publish","type":"page","link":"https:\/\/www.ukba.eu\/de\/amtliche_behoerdengaenge\/","title":{"rendered":"Dienstleistungen"},"content":{"rendered":"\r\n\r\n<section id=\"p1\" class=\"cartcurt services\">\r\n<div class=\"section-heading\">\r\n<h3 class=\"h3\">Beh\u00f6rdeng\u00e4nge<\/h3>\r\n<\/div>\r\n<div class=\"section-text\">\r\n<p class=\"p1\">Zur Abwicklung der beh\u00f6rdlichen Angelegenheiten im Fall des Todes eines Mitglieds werden folgende Dokumente ben\u00f6tigt:<\/p>\r\n\r\n<ul>\r\n \t<li>Reisepass<\/li>\r\n \t<li>Personalausweis<\/li>\r\n \t<li>Heiratsurkunde (falls verheiratet)<\/li>\r\n<\/ul>\r\nDie \u00dcberf\u00fchrung des verstorbenen Mitgliedes sowie die amtlichen Angelegenheiten werden von dem Transportunternehmen durchgef\u00fchrt. Dazu geh\u00f6ren:\r\n<ul>\r\n \t<li>Krankenhaus (Sterbeurkunde)<\/li>\r\n \t<li>Stadtverwaltung<\/li>\r\n \t<li>Konsulat<\/li>\r\n \t<li>Flugticket f\u00fcr die Begleitperson<\/li>\r\n \t<li>Frachtangelegenheiten<\/li>\r\n<\/ul>\r\n<p class=\"top-button\"><\/p>\r\n\r\n<\/div>\r\n<\/section><section id=\"p2\" class=\"cartcurt services\">\r\n<div class=\"section-heading\">\r\n<h3 class=\"h3\">Religi\u00f6se Riten<\/h3>\r\n<\/div>\r\n<div class=\"section-text\">\r\n<p class=\"p1\">Nachdem wir von den Verwandten des Verstorbenen benachrichtigt wurden, setzt sich unser Verein mit dem Transportunternehmen in Verbindung und sorgt daf\u00fcr, dass der Leichnam nach islamischem Ritus auf die Bestattung vorbereitet wird.<\/p>\r\nDazu wird der Verstorbene gewaschen und in das Leichentuch eingewickelt. Nachdem das Totengebet verrichtet wurde, findet die Beerdigung statt.\r\n<p class=\"top-button\"><\/p>\r\n\r\n<\/div>\r\n<\/section><section id=\"p3\" class=\"cartcurt services\">\r\n<div class=\"section-heading\">\r\n<h3 class=\"h3\">Transport<\/h3>\r\n<\/div>\r\n<div class=\"section-text\">\r\n<p class=\"p1\">Unser B\u00fcro veranlasst die zeitnahe Kontaktaufnahme des von uns beauftragten Transportunternehmens mit der Familie des Verstorbenen.<\/p>\r\nNach Abschluss der amtlichen Angelegenheiten wird der Verstorbene bis zur angegebenen Adresse in der T\u00fcrkei bzw. in anderen L\u00e4ndern bis zum Flughafen transportiert.\r\n<p class=\"top-button\"><\/p>\r\n\r\n<\/div>\r\n<\/section><section id=\"p4\" class=\"cartcurt services\">\r\n<div class=\"section-heading\">\r\n<h3 class=\"h3\">\u00dcbergabe<\/h3>\r\n<\/div>\r\n<div class=\"section-text\">\r\n\r\nUnser Partner in der T\u00fcrkei wird mit dem Transport des Verstorbenen vom Flughafen zur angegeben Adresse beauftragt, wo der Leichnam dann \u00fcbergeben wird. In allen anderen L\u00e4ndern findet die \u00dcbergabe des Verstorbenen am Flughafen statt.\r\n<p class=\"top-button\"><\/p>\r\n\r\n<\/div>\r\n<\/section><section id=\"p5\" class=\"cartcurt services\">\r\n<div class=\"section-heading\">\r\n<h3 class=\"h3\">Friedhofsbesuche und Grabpflege<\/h3>\r\n<\/div>\r\n<div class=\"section-text\">\r\n\r\nIn unseren Ortsgemeinschaften organisieren wir regelm\u00e4\u00dfig, vorallem an Tagen des Arafas, Friedhofsbesuche um eine Grabpflege durchzuf\u00fchren und gemeinsan Kuran f\u00fcr die Verstorbenen zu rezitieren. M\u00f6chten Sie Teilnehmen? Wenden Sie sich bitte an Ihre zust\u00e4ndige Regionalstelle.\r\n\r\nInformationen dazu finden Sie <a href=\"https:\/\/www.ukba.eu\/de\/ueber-uns\/regionalvertreter\/\">hier<\/a>.\r\n<p class=\"top-button\"><\/p>\r\n\r\n<\/div>\r\n<\/section><section id=\"p6\" class=\"cartcurt services\">\r\n<div class=\"section-heading\">\r\n<h3 class=\"h3\">Kurse f\u00fcr islamische Bestattungen<\/h3>\r\n<\/div>\r\n<div class=\"section-text\">\r\n\r\nUKBA bietet in allen Ortsgemeinschaften Schulungen zum Thema \u201eIslamische Bestattung\u201c an.\r\n\r\nDie Inhalte dieser Schulungen sind zum einen die rituelle Waschung sowie das abwickeln in das Leichentuch.\r\nDie Schulungen werden mit einem Zertifikat oder mit einer Teilnahmebescheinigung abgeschlossen.\r\nHaben Sie Interesse? Wenden Sie sich bitte an Ihre Ortsgemeinschaft.\r\n\r\nInformationen dazu finden Sie <a href=\"https:\/\/www.ukba.eu\/de\/ueber-uns\/regionalvertreter\/\">hier<\/a>.\r\n<p class=\"top-button\"><\/p>\r\n\r\n<\/div>\r\n<\/section>\r\n\n","protected":false},"excerpt":{"rendered":"","protected":false},"author":1,"featured_media":0,"parent":0,"menu_order":1,"comment_status":"closed","ping_status":"closed","template":"","meta":[],"_links":{"self":[{"href":"https:\/\/www.ukba.eu\/de\/wp-json\/wp\/v2\/pages\/962\/"}],"collection":[{"href":"https:\/\/www.ukba.eu\/de\/wp-json\/wp\/v2\/pages\/"}],"about":[{"href":"https:\/\/www.ukba.eu\/de\/wp-json\/wp\/v2\/types\/page\/"}],"author":[{"embeddable":true,"href":"https:\/\/www.ukba.eu\/de\/wp-json\/wp\/v2\/users\/1\/"}],"replies":[{"embeddable":true,"href":"https:\/\/www.ukba.eu\/de\/wp-json\/wp\/v2\/comments\/?post=962"}],"version-history":[{"count":15,"href":"https:\/\/www.ukba.eu\/de\/wp-json\/wp\/v2\/pages\/962\/revisions\/"}],"predecessor-version":[{"id":1805,"href":"https:\/\/www.ukba.eu\/de\/wp-json\/wp\/v2\/pages\/962\/revisions\/1805\/"}],"wp:attachment":[{"href":"https:\/\/www.ukba.eu\/de\/wp-json\/wp\/v2\/media\/?parent=962"}],"curies":[{"name":"wp","href":"https:\/\/api.w.org\/{rel}","templated":true}]}}