{"id":1382,"date":"2019-11-14T13:14:03","date_gmt":"2019-11-14T11:14:03","guid":{"rendered":"https:\/\/www.ukba.eu\/?page_id=1382"},"modified":"2020-04-14T14:32:44","modified_gmt":"2020-04-14T12:32:44","slug":"ueber-uns","status":"publish","type":"page","link":"https:\/\/www.ukba.eu\/de\/ueber-uns\/","title":{"rendered":"\u00dcber uns"},"content":{"rendered":"<p><span style=\"color: #000000;\"><span style=\"font-family: Open Sans, sans-serif;\"><span style=\"font-size: medium;\">Der UKBA Bestattungshilfeverein e.V. ist eine Solidarit\u00e4ts- bzw. Bestattungskostenuterst\u00fctzungsgemeinschaft, die Ihre Mitglieder im Todesfall, bei der \u00dcberf\u00fchrung und Bestattung unterst\u00fctzt.<\/span><\/span><\/span><\/p>\n<p><span style=\"color: #000000;\"><span style=\"font-family: Open Sans, sans-serif;\"><span style=\"font-size: medium;\">In einem Koranvers hei\u00dft es \u201eWir erschufen den Menschen gewiss in sch\u00f6nster Gestalt.\u201c (Sura T\u00een, 95:4)<br \/>\nUnser Bestreben ist es deshalb, den Menschen zu Leibzeiten wie im Tod in bestm\u00f6glicher Weise beizustehen. <\/span><\/span><\/span><\/p>\n<p><img decoding=\"async\" style=\"margin-bottom: 50px;\" src=\"https:\/\/www.ukba.eu\/wp-content\/uploads\/2019\/12\/mezar_taslari.jpg\" alt=\"Mezar Taslari\" \/><\/p>\n","protected":false},"excerpt":{"rendered":"<p>Der UKBA Bestattungshilfeverein e.V. ist eine Solidarit\u00e4ts- bzw. Bestattungskostenuterst\u00fctzungsgemeinschaft, die Ihre Mitglieder im Todesfall, bei der \u00dcberf\u00fchrung und Bestattung unterst\u00fctzt. In einem Koranvers hei\u00dft es \u201eWir erschufen den Menschen gewiss in sch\u00f6nster Gestalt.\u201c (Sura T\u00een, 95:4) Unser Bestreben ist es deshalb, den Menschen zu Leibzeiten wie im Tod in bestm\u00f6glicher Weise beizustehen.<\/p>\n","protected":false},"author":1,"featured_media":0,"parent":0,"menu_order":2,"comment_status":"open","ping_status":"open","template":"","meta":[],"_links":{"self":[{"href":"https:\/\/www.ukba.eu\/de\/wp-json\/wp\/v2\/pages\/1382\/"}],"collection":[{"href":"https:\/\/www.ukba.eu\/de\/wp-json\/wp\/v2\/pages\/"}],"about":[{"href":"https:\/\/www.ukba.eu\/de\/wp-json\/wp\/v2\/types\/page\/"}],"author":[{"embeddable":true,"href":"https:\/\/www.ukba.eu\/de\/wp-json\/wp\/v2\/users\/1\/"}],"replies":[{"embeddable":true,"href":"https:\/\/www.ukba.eu\/de\/wp-json\/wp\/v2\/comments\/?post=1382"}],"version-history":[{"count":5,"href":"https:\/\/www.ukba.eu\/de\/wp-json\/wp\/v2\/pages\/1382\/revisions\/"}],"predecessor-version":[{"id":1580,"href":"https:\/\/www.ukba.eu\/de\/wp-json\/wp\/v2\/pages\/1382\/revisions\/1580\/"}],"wp:attachment":[{"href":"https:\/\/www.ukba.eu\/de\/wp-json\/wp\/v2\/media\/?parent=1382"}],"curies":[{"name":"wp","href":"https:\/\/api.w.org\/{rel}","templated":true}]}}