{"id":1134,"date":"2018-01-23T17:15:59","date_gmt":"2018-01-23T15:15:59","guid":{"rendered":"https:\/\/www.igmgukba.org\/?page_id=1134"},"modified":"2026-01-29T09:29:24","modified_gmt":"2026-01-29T07:29:24","slug":"ankuendigungen","status":"publish","type":"page","link":"https:\/\/www.ukba.eu\/de\/ankuendigungen\/","title":{"rendered":"Ank\u00fcndigungen"},"content":{"rendered":"<p><strong>Anzahl der Verstorbenen Mitglieder (letzte 5 Jahre):<\/strong><\/p>\n<table style=\"height: 402px;\" width=\"437\">\n<tbody>\n<tr>\n<td width=\"54\"><strong>2025<\/strong><\/td>\n<td width=\"209\">838 (+8 bed\u00fcrftige Nichtmitglieder)*<\/td>\n<\/tr>\n<tr>\n<td width=\"54\"><strong>2024<\/strong><\/td>\n<td width=\"209\">832 (+7 bed\u00fcrftige Nichtmitglieder)<\/td>\n<\/tr>\n<tr>\n<td width=\"54\"><strong>2023<\/strong><\/td>\n<td width=\"209\">796 (+0 bed\u00fcrftige Nichtmitglieder)<\/td>\n<\/tr>\n<tr>\n<td width=\"54\"><strong>2022<\/strong><\/td>\n<td width=\"209\">838 (+3 bed\u00fcrftige Nichtmitglieder)<\/td>\n<\/tr>\n<tr>\n<td width=\"54\"><strong>2021<\/strong><\/td>\n<td width=\"209\">1078 (+ 2 bed\u00fcrftige Nichtmitglieder)<\/td>\n<\/tr>\n<tr>\n<td width=\"54\"><\/td>\n<td width=\"209\"><\/td>\n<\/tr>\n<\/tbody>\n<\/table>\n<p><em>\u00a0*Hinweis: Bitte nehmen Sie zur Kenntnis, dass aufgrund von Auslandsbestattungen die Anzahl der Verstorbenen bis zum 01.06.2026 steigen kann.<\/em><\/p>\n<ul>\n<li>Zur \u00c4nderungen der Daten nutzen Sie bitte unsere <a href=\"https:\/\/www.ukba.eu\/online-islemler\/\">Online Dienste<\/a>.<\/li>\n<\/ul>\n<p><strong>Vorauszahlunsgbeitr\u00e4ge (letzte 5 Jahre):<br \/>\n<\/strong><\/p>\n<table style=\"height: 436px;\" width=\"235\">\n<tbody>\n<tr>\n<td width=\"46\"><strong>2026<\/strong><\/td>\n<td width=\"157\">\u00a0 \u00a0 \u00a0 \u00a0 \u00a069,00 \u20ac<\/td>\n<\/tr>\n<tr>\n<td width=\"46\"><strong>2025<\/strong><\/td>\n<td width=\"157\">\u00a0 \u00a0 \u00a0 \u00a0 67,00 \u20ac<\/td>\n<\/tr>\n<tr>\n<td width=\"46\"><strong>2024<\/strong><\/td>\n<td width=\"157\">\u00a0 \u00a0 \u00a0 \u00a0 66,00 \u20ac<\/td>\n<\/tr>\n<tr>\n<td width=\"46\"><strong>2023<\/strong><\/td>\n<td width=\"157\">\u00a0 \u00a0 \u00a0 \u00a0 64,00 \u20ac<\/td>\n<\/tr>\n<tr>\n<td width=\"46\"><strong>2022<\/strong><\/td>\n<td width=\"157\">\u00a0 \u00a0 \u00a0 \u00a0 61,00 \u20ac<\/td>\n<\/tr>\n<tr>\n<td width=\"46\"><\/td>\n<td width=\"157\"><\/td>\n<\/tr>\n<tr>\n<td width=\"46\"><\/td>\n<td width=\"157\"><\/td>\n<\/tr>\n<\/tbody>\n<\/table>\n<ul>\n<li style=\"list-style-type: none;\">\n<ul>\n<li>Informationen zu den \u00c4nderungen unserer Allgemeinen Gesch\u00e4ftsbedingungen (AGB) erhalten Sie <a href=\"https:\/\/www.ukba.eu\/wp-content\/uploads\/2018\/12\/Aenderungen-unserer-Allgemeinen-Gescha\u0308ftsbedienungen.pdf\" target=\"_blank\" rel=\"noopener noreferrer\">hier<\/a>.<\/li>\n<\/ul>\n<\/li>\n<\/ul>\n<p><strong>\u00a0<\/strong><\/p>\n<table style=\"height: 176px;\" width=\"255\">\n<tbody>\n<tr>\n<td width=\"46\"><\/td>\n<td style=\"text-align: left;\" width=\"157\"><\/td>\n<\/tr>\n<tr>\n<td width=\"46\"><\/td>\n<td width=\"157\"><\/td>\n<\/tr>\n<tr>\n<td width=\"46\"><\/td>\n<td width=\"157\"><\/td>\n<\/tr>\n<tr>\n<td width=\"46\"><\/td>\n<td width=\"157\"><\/td>\n<\/tr>\n<tr>\n<td width=\"46\"><\/td>\n<td width=\"157\"><\/td>\n<\/tr>\n<tr>\n<td width=\"46\"><\/td>\n<td width=\"157\"><\/td>\n<\/tr>\n<tr>\n<td width=\"46\"><\/td>\n<td width=\"157\"><\/td>\n<\/tr>\n<\/tbody>\n<\/table>\n<p><!--\n \t\n\n<li>Informationen zu den \u00c4nderungen unserer Allgemeinen Gesch\u00e4ftsbedingungen (AGB) erhalten Sie <a href=\"https:\/\/www.igmgukba.org\/wp-content\/uploads\/2018\/02\/AGB-der-BKUG-des-Vereins_DEUTSCH_1.1.2018-27022018.pdf\" target=\"_blank\" rel=\"noopener noreferrer\">hier<\/a>.<\/li>\n\n\n--><\/p>\n","protected":false},"excerpt":{"rendered":"<p>Anzahl der Verstorbenen Mitglieder (letzte 5 Jahre): 2025 838 (+8 bed\u00fcrftige Nichtmitglieder)* 2024 832 (+7 bed\u00fcrftige Nichtmitglieder) 2023 796 (+0 bed\u00fcrftige Nichtmitglieder) 2022 838 (+3 bed\u00fcrftige Nichtmitglieder) 2021 1078 (+ 2 bed\u00fcrftige Nichtmitglieder) \u00a0*Hinweis: Bitte nehmen Sie zur Kenntnis, dass aufgrund von Auslandsbestattungen die Anzahl der Verstorbenen bis zum 01.06.2026 steigen kann. Zur \u00c4nderungen der [&hellip;]<\/p>\n","protected":false},"author":1,"featured_media":0,"parent":0,"menu_order":0,"comment_status":"closed","ping_status":"closed","template":"","meta":[],"_links":{"self":[{"href":"https:\/\/www.ukba.eu\/de\/wp-json\/wp\/v2\/pages\/1134\/"}],"collection":[{"href":"https:\/\/www.ukba.eu\/de\/wp-json\/wp\/v2\/pages\/"}],"about":[{"href":"https:\/\/www.ukba.eu\/de\/wp-json\/wp\/v2\/types\/page\/"}],"author":[{"embeddable":true,"href":"https:\/\/www.ukba.eu\/de\/wp-json\/wp\/v2\/users\/1\/"}],"replies":[{"embeddable":true,"href":"https:\/\/www.ukba.eu\/de\/wp-json\/wp\/v2\/comments\/?post=1134"}],"version-history":[{"count":79,"href":"https:\/\/www.ukba.eu\/de\/wp-json\/wp\/v2\/pages\/1134\/revisions\/"}],"predecessor-version":[{"id":2362,"href":"https:\/\/www.ukba.eu\/de\/wp-json\/wp\/v2\/pages\/1134\/revisions\/2362\/"}],"wp:attachment":[{"href":"https:\/\/www.ukba.eu\/de\/wp-json\/wp\/v2\/media\/?parent=1134"}],"curies":[{"name":"wp","href":"https:\/\/api.w.org\/{rel}","templated":true}]}}